{"id":3,"date":"2021-06-29T07:42:56","date_gmt":"2021-06-29T07:42:56","guid":{"rendered":"https:\/\/eldragonperegrino.com\/?page_id=3"},"modified":"2024-07-07T16:09:56","modified_gmt":"2024-07-07T16:09:56","slug":"privacy-policy","status":"publish","type":"page","link":"https:\/\/eldragonperegrino.com\/en\/privacy-policy\/","title":{"rendered":"Pol\u00edtica de privacidad"},"content":{"rendered":"\t\t<div data-elementor-type=\"wp-page\" data-elementor-id=\"3\" class=\"elementor elementor-3\" data-elementor-post-type=\"page\">\r\n\t\t\t\t\t\t<section class=\"elementor-section elementor-top-section elementor-element elementor-element-b798236 elementor-section-boxed elementor-section-height-default elementor-section-height-default\" data-id=\"b798236\" data-element_type=\"section\" data-e-type=\"section\">\r\n\t\t\t\t\t\t<div class=\"elementor-container elementor-column-gap-default\">\r\n\t\t\t\t\t<div class=\"elementor-column elementor-col-100 elementor-top-column elementor-element elementor-element-49602be\" data-id=\"49602be\" data-element_type=\"column\" data-e-type=\"column\">\r\n\t\t\t<div class=\"elementor-widget-wrap elementor-element-populated\">\r\n\t\t\t\t\t\t<div class=\"elementor-element elementor-element-f7f343e elementor-widget elementor-widget-text-editor\" data-id=\"f7f343e\" data-element_type=\"widget\" data-e-type=\"widget\" data-widget_type=\"text-editor.default\">\r\n\t\t\t\t<div class=\"elementor-widget-container\">\r\n\t\t\t\t\t\t\t\t\t<p>Privacy Policy<br \/>Through this notice, DOMUS ATHENA DRAKOS SL, with registered office at c\/ Mirador 9, Matar\u00f3, Barcelona, \u200b\u200bSpain; with CIF B-10653996; informs users of the eldragonperegrino.com web portal about its personal data protection policy (hereinafter \u201cPersonal Data\u201d) so that users can determine, freely and voluntarily, if they wish to provide Domus Athena Drakos SL with the personal data they may be required or obtained from users if subscription is given to some of the services offered by Domus Athena Drakos SL on the portal. Domus Athena Drakos SL reserves the right to modify this policy to adapt it to legislative or jurisprudential developments, as well as industry practices.<\/p><p>In such cases, Domus Athena Drakos SL will announce the changes introduced on this page well in advance of its practice. For the purposes of Organic Law 15\/1999, of December 13, on the Protection of Personal Data, we inform you that the data collected through the form will be included in a personal data file in order to process it properly. your request, whose recipient will be Domus Athena Drakos SL. Domus Athena Drakos SL, as responsible for the file, guarantees the exercise of the rights of access, rectification, cancellation and opposition of the data provided. To do this, and in order to facilitate this process, you will only need to send us a message with your request, to the email address: info@eldragonperegrino.com<\/p><p>Likewise, you undertake to use the data included in the file, respect its confidentiality and use it in accordance with the purpose of the file. By sending the requested information to the forms, the interested party expressly consents to the processing and transfer of their data to Domus Athena Drakos SL, for the fulfillment of the purpose indicated above.<\/p><p>For the purposes of Organic Law 15\/1999, of December 13, on the Protection of Personal Data, we inform you that your data collected in the forms will be included in a file of Domus Athena Drakos SL in order to process your request and adequately manage the provision of services. These data will be processed to inform you and send you advertising about special promotions related to services or products related to the Internet and new technologies. If you do not want your data to be processed for commercial purposes, we ask you to expressly communicate your wish to info@eldragonperegrino.com, where you can also exercise your right to access, rectification, cancellation and opposition that the regulations recognize.<\/p>\t\t\t\t\t\t\t\t<\/div>\r\n\t\t\t\t<\/div>\r\n\t\t\t\t\t<\/div>\r\n\t\t<\/div>\r\n\t\t\t\t\t<\/div>\r\n\t\t<\/section>\r\n\t\t\t\t<\/div>\r\n\t\t","protected":false},"excerpt":{"rendered":"<p>Pol\u00edtica de privacidadMediante este aviso, DOMUS ATHENA DRAKOS SL, con domicilio social en c\/ Mirador 9, Matar\u00f3, Barcelona, Espa\u00f1a; con CIF B-10653996; informa a los usuarios del portal web eldragonperegrino.com sobre su pol\u00edtica de protecci\u00f3n de datos de car\u00e1cter personal (en adelante \u201cDatos Personales\u201d) para que los usuarios determinen, libre y voluntariamente, si desean facilitar [&hellip;]<\/p>\n","protected":false},"author":2,"featured_media":0,"parent":0,"menu_order":0,"comment_status":"closed","ping_status":"open","template":"","meta":{"footnotes":""},"class_list":["post-3","page","type-page","status-publish","hentry"],"_links":{"self":[{"href":"https:\/\/eldragonperegrino.com\/en\/wp-json\/wp\/v2\/pages\/3","targetHints":{"allow":["GET"]}}],"collection":[{"href":"https:\/\/eldragonperegrino.com\/en\/wp-json\/wp\/v2\/pages"}],"about":[{"href":"https:\/\/eldragonperegrino.com\/en\/wp-json\/wp\/v2\/types\/page"}],"author":[{"embeddable":true,"href":"https:\/\/eldragonperegrino.com\/en\/wp-json\/wp\/v2\/users\/2"}],"replies":[{"embeddable":true,"href":"https:\/\/eldragonperegrino.com\/en\/wp-json\/wp\/v2\/comments?post=3"}],"version-history":[{"count":0,"href":"https:\/\/eldragonperegrino.com\/en\/wp-json\/wp\/v2\/pages\/3\/revisions"}],"wp:attachment":[{"href":"https:\/\/eldragonperegrino.com\/en\/wp-json\/wp\/v2\/media?parent=3"}],"curies":[{"name":"wp","href":"https:\/\/api.w.org\/{rel}","templated":true}]}}