{"id":19,"date":"2021-06-29T08:04:40","date_gmt":"2021-06-29T08:04:40","guid":{"rendered":"https:\/\/eldragonperegrino.com\/?page_id=19"},"modified":"2024-04-29T12:16:08","modified_gmt":"2024-04-29T12:16:08","slug":"aviso-legal","status":"publish","type":"page","link":"https:\/\/eldragonperegrino.com\/en\/aviso-legal\/","title":{"rendered":"Aviso legal"},"content":{"rendered":"\t\t<div data-elementor-type=\"wp-page\" data-elementor-id=\"19\" class=\"elementor elementor-19\" data-elementor-post-type=\"page\">\r\n\t\t\t\t\t\t<section class=\"elementor-section elementor-top-section elementor-element elementor-element-9504f37 elementor-section-boxed elementor-section-height-default elementor-section-height-default\" data-id=\"9504f37\" data-element_type=\"section\" data-e-type=\"section\">\r\n\t\t\t\t\t\t<div class=\"elementor-container elementor-column-gap-default\">\r\n\t\t\t\t\t<div class=\"elementor-column elementor-col-100 elementor-top-column elementor-element elementor-element-fb44bcc\" data-id=\"fb44bcc\" data-element_type=\"column\" data-e-type=\"column\">\r\n\t\t\t<div class=\"elementor-widget-wrap elementor-element-populated\">\r\n\t\t\t\t\t\t<div class=\"elementor-element elementor-element-b2db864 elementor-widget elementor-widget-text-editor\" data-id=\"b2db864\" data-element_type=\"widget\" data-e-type=\"widget\" data-widget_type=\"text-editor.default\">\r\n\t\t\t\t<div class=\"elementor-widget-container\">\r\n\t\t\t\t\t\t\t\t\t<p>Aviso legal<br \/>Condiciones de uso y su aceptaci\u00f3n<\/p><p>Estas condiciones regulan el uso de la web de Domus Athena Drakos SL por el usuario de internet, y expresan la aceptaci\u00f3n plena y sin reservas del mismo de todas y cada una de las condiciones y restricciones que est\u00e9n publicadas en la web en el momento en que acceda a \u00e9sta. El acceso a la web y\/o la utilizaci\u00f3n de cualquiera de los servicios incluidos en ella supondr\u00e1 la aceptaci\u00f3n de todas las condiciones de uso. Domus Athena Drakos SL se reserva el derecho a modificar unilateralmente la web y los servicios ofrecidos en la misma, incluyendo la modificaci\u00f3n de las condiciones de uso. Por eso se recomienda al usuario que lea este Aviso Legal tantas veces como acceda a la web.<\/p><p>Condiciones de utilizaci\u00f3n de la Web<\/p><p>El usuario debe utilizar la web de conformidad con los usos autorizados. Queda expresamente prohibida la utilizaci\u00f3n de la web o cualquiera de sus servicios con fines o efectos il\u00edcitos, contrarios a la buena fe, al orden p\u00fablico o al punto establecido en las condiciones de uso. Queda igualmente prohibido cualquier uso lesivo de derechos o intereses de terceros o que, de cualquier forma, dificulten la utilizaci\u00f3n por parte de otros usuarios la normal utilizaci\u00f3n de la web y\/o de sus servicios. La utilizaci\u00f3n de la web es gratuita por el usuario.<\/p><p>Derechos de Propiedad Intelectual e Industrial<\/p><p>Todos los contenidos de la web (marca, nombres comerciales, im\u00e1genes, iconos, dise\u00f1o y presentaci\u00f3n general de las distintas secciones) est\u00e1n sujetos a derechos de propiedad intelectual o industrial de Domus Athena Drakos SL o de terceros. En ning\u00fan caso el acceso a la web implica que por parte de Domus Athena Drakos SL o del titular de estos derechos se otorgue autorizaci\u00f3n o licencia sobre estos contenidos, se renuncie, transmita o ceda total o parcialmente ninguno de sus derechos sobre estos contenidos (entre otros, sus derechos de reproducci\u00f3n, distribuci\u00f3n, diferentes de las expresamente autorizadas por Domus Athena Drakos SL. Ning\u00fan usuario de esta web puede revender, volver a publicar, imprimir, descargar, copiar, retransmitir o presentar ning\u00fan elemento de esta web ni de los contenidos de la misma, sin el consentimiento previo por escrito de Domus Athena Drakos SL, a menos que la ley permita, en la medida razonable, copiar o imprimir los contenidos para uso personal y no comercial manteni\u00e9ndolos inalterados, en todo caso, el Copyright y el resto de datos identificativos de los derechos de Domus Athena Drakos SL y\/o del titular de los derechos de estos contenidos. Esta web y sus contenidos est\u00e1n protegidos por las leyes de protecci\u00f3n de la Propiedad Industrial e Intel\u00b7 internacionales y de Espa\u00f1a, ya sea como obras individuales y\/o como compilaciones. El usuario no puede borrar ni modificar en modo alguno la informaci\u00f3n relativa a estos derechos incluidos en la web. Quedan reservados todos los derechos a favor de Domus Athena Drakos SL o del titular de \u00e9stos.<\/p><p>Exclusi\u00f3n de garant\u00edas y responsabilidad por el funcionamiento de la Web<\/p><p>Domus Athena Drakos SL no garantiza y no asume ninguna responsabilidad por el funcionamiento de la web y\/o de sus servicios. En caso de producirse interrupciones en su funcionamiento Domus Athena Drakos SL tratar\u00e1, si fuera posible, de advertirlo al usuario. Domus Athena Drakos SL tampoco garantiza la utilidad de la web y\/o de sus servicios para la realizaci\u00f3n de ninguna actividad en particular, su infalibilidad ni que el usuario pueda utilizar en todo momento la web o los servicios que se ofrezcan . Domus Athena Drakos SL est\u00e1 autorizado a efectuar todas las modificaciones t\u00e9cnicas precisas para mejorar la calidad, rendimiento, eficacia del sistema y de su conexi\u00f3n. A menos que se indique expresamente en un plazo, la prestaci\u00f3n de los servicios tiene en principio una duraci\u00f3n indefinida, no obstante, Domus Athena Drakos SL est\u00e1 autorizado a dar por terminados alguno de los servicios o el acceso a la web en cualquier momento. Siempre que esto sea posible, Domus Athena Drakos SL tratar\u00e1 de comunicarlo con antelaci\u00f3n al usuario.<\/p><p>Exclusi\u00f3n de garant\u00edas y responsabilidad por los contenidos<\/p><p>Los contenidos de todo tipo incluidos en la web que se encuentran disponibles por el p\u00fablico en general, facilitan el acceso a informaci\u00f3n, productos y servicios suministrados o prestados por Domus Athena Drakos SL. Tales contenidos son facilidades de buena fe por Domus Athena Drakos SL con informaci\u00f3n procedente, a veces, de fuentes distintas de Domus Athena Drakos SL. Por tanto, Domus Athena Drakos SL no puede garantizar la fiabilidad, veracidad, exhaustividad y actualidad de los contenidos y, por tanto, queda excluida cualquier tipo de responsabilidad de Domus Athena Drakos SL que pudiera derivarse por los da\u00f1os causados, directa o indirectamente, por la informaci\u00f3n a la que se accede por medio de la web. Domus Athena Drakos SL no garantiza la idoneidad de los contenidos incluidos en la web para fines particulares de quien accede a la misma. En consecuencia, tanto el acceso a la web como el uso que pueda hacerse de la informaci\u00f3n y contenidos incluidos en las mismas se efect\u00faa bajo la exclusiva responsabilidad de quien lo realice, y Domus Athena Drakos SL no responder\u00e1 en ning\u00fan caso y en ninguna medida por los eventuales perjuicios derivados del uso de la informaci\u00f3n y contenidos accesibles en la web. Asimismo, Domus Athena Drakos SL no ser\u00e1 en ning\u00fan caso responsable por productos o servicios prestados u ofrecidos por otras personas o entidades, o por contenidos, informaciones, comunicaciones, opiniones o manifestaciones de cualquier tipo originados o vertidos por terceros ya las que se pueda acceder a trav\u00e9s de la web.<\/p><p>Exclusi\u00f3n de garant\u00edas y responsabilidad por enlaces a otras p\u00e1ginas<\/p><p>La web puede permitir al usuario su acceso por medio de enlaces a otras p\u00e1ginas web. Domus Athena Drakos SL no responde ni hace suyo el contenido de las p\u00e1ginas web enlazadas, ni garantiza la legalidad, exactitud, veracidad y fiabilidad de la informaci\u00f3n que incluyan. La existencia de un enlace no supondr\u00e1 la existencia de relaci\u00f3n de ning\u00fan tipo entre Domus Athena Drakos SL y el titular del sitio enlazado. Domus Athena Drakos SL no tendr\u00e1 ning\u00fan tipo de responsabilidad por infracciones o da\u00f1os que se causen al usuario oa terceros por el contenido de las p\u00e1ginas web a las que se encuentre unida por un enlace. Jurisdicci\u00f3n y ley aplicable. Las condiciones de uso y servicios ofrecidos en la web se rigen por la Ley Espa\u00f1ola. Domus Athena Drakos SL no tiene control sobre qui\u00e9n pueda acceder a su web y d\u00f3nde puedan estar emplazados. Aunque Domus Athena Drakos SL es consciente de ello, esto no significa que se someta a las jurisdicciones de pa\u00edses extranjeros; en caso de conflicto o reclamaci\u00f3n en relaci\u00f3n con la web o cualquiera de los servicios aqu\u00ed prestados, las partes acuerdan someterse expresamente a los juzgados y tribunales de Madrid (Espa\u00f1a).<\/p>\t\t\t\t\t\t\t\t<\/div>\r\n\t\t\t\t<\/div>\r\n\t\t\t\t\t<\/div>\r\n\t\t<\/div>\r\n\t\t\t\t\t<\/div>\r\n\t\t<\/section>\r\n\t\t\t\t<\/div>\r\n\t\t","protected":false},"excerpt":{"rendered":"<p>Aviso legalCondiciones de uso y su aceptaci\u00f3n Estas condiciones regulan el uso de la web de Domus Athena Drakos SL por el usuario de internet, y expresan la aceptaci\u00f3n plena y sin reservas del mismo de todas y cada una de las condiciones y restricciones que est\u00e9n publicadas en la web en el momento en [&hellip;]<\/p>\n","protected":false},"author":2,"featured_media":0,"parent":0,"menu_order":0,"comment_status":"closed","ping_status":"closed","template":"","meta":{"footnotes":""},"class_list":["post-19","page","type-page","status-publish","hentry"],"_links":{"self":[{"href":"https:\/\/eldragonperegrino.com\/en\/wp-json\/wp\/v2\/pages\/19","targetHints":{"allow":["GET"]}}],"collection":[{"href":"https:\/\/eldragonperegrino.com\/en\/wp-json\/wp\/v2\/pages"}],"about":[{"href":"https:\/\/eldragonperegrino.com\/en\/wp-json\/wp\/v2\/types\/page"}],"author":[{"embeddable":true,"href":"https:\/\/eldragonperegrino.com\/en\/wp-json\/wp\/v2\/users\/2"}],"replies":[{"embeddable":true,"href":"https:\/\/eldragonperegrino.com\/en\/wp-json\/wp\/v2\/comments?post=19"}],"version-history":[{"count":0,"href":"https:\/\/eldragonperegrino.com\/en\/wp-json\/wp\/v2\/pages\/19\/revisions"}],"wp:attachment":[{"href":"https:\/\/eldragonperegrino.com\/en\/wp-json\/wp\/v2\/media?parent=19"}],"curies":[{"name":"wp","href":"https:\/\/api.w.org\/{rel}","templated":true}]}}